{"id":11335,"date":"2019-09-16T04:33:02","date_gmt":"2019-09-16T04:33:02","guid":{"rendered":"http:\/\/gourmetfoodservice.com\/gfs\/?page_id=11335"},"modified":"2019-10-17T16:18:52","modified_gmt":"2019-10-17T16:18:52","slug":"instalaciones","status":"publish","type":"page","link":"https:\/\/gourmetfoodservice.com\/gfs\/instalaciones\/","title":{"rendered":"Instalaciones"},"content":{"rendered":"<p>[vc_row dfd_row_config=\u00bbfull_width_content\u00bb][vc_column][\/vc_column][\/vc_row][vc_row anchor=\u00bbnuestras\u00bb dfd_bg_style=\u00bbimage\u00bb dfd_bg_image_repeat=\u00bbno-repeat\u00bb dfd_bg_image_size=\u00bbinitial\u00bb dfd_bg_image_position=\u00bb26% 0%\u00bb dfd_bg_image_new_responsive=\u00bb347&#8243; dfd_bg_resolution=\u00bb1023&#8243; dfd_bg_image_position_mobile=\u00bb50% 100%\u00bb dfd_bg_image_size_mobile=\u00bbcontain\u00bb dfd_row_responsive_enable=\u00bbdfd-row-responsive-enable\u00bb responsive_styles=\u00bbpadding_left_tablet:20|padding_right_tablet:20|padding_left_mobile:20|padding_right_mobile:20&#8243;][vc_column width=\u00bb1\/2&#8243; cus_bg_position=\u00bbcenter center\u00bb col_shadow=\u00bbbox_shadow_enable:disable|shadow_horizontal:0|shadow_vertical:15|shadow_blur:50|shadow_spread:0|box_shadow_color:rgba(0%2C0%2C0%2C0.35)\u00bb col_shadow_hover=\u00bbbox_shadow_enable:disable|shadow_horizontal:0|shadow_vertical:15|shadow_blur:50|shadow_spread:0|box_shadow_color:rgba(0%2C0%2C0%2C0.35)\u00bb][dfd_spacer screen_wide_spacer_size=\u00bb30&#8243; screen_normal_resolution=\u00bb1280&#8243; screen_tablet_resolution=\u00bb1024&#8243; screen_mobile_resolution=\u00bb800&#8243;][dfd_spacer screen_wide_spacer_size=\u00bb100&#8243; screen_normal_resolution=\u00bb1280&#8243; screen_tablet_resolution=\u00bb1024&#8243; screen_mobile_resolution=\u00bb800&#8243; screen_mobile_spacer_size=\u00bb80&#8243; screen_tablet_spacer_size=\u00bb80&#8243;][dfd_portfolio_presentation_module portfolio_content_alignment=\u00bbtext-center\u00bb portfolio_hover_main_decoration_link=\u00bblightbox\u00bb title_font_options=\u00bbfont_size:20|line_height:25|letter_spacing:-1.5&#8243; portfolio_categories=\u00bbintalaciones\u00bb][dfd_spacer screen_wide_spacer_size=\u00bb100&#8243; screen_normal_resolution=\u00bb1280&#8243; screen_tablet_resolution=\u00bb1024&#8243; screen_mobile_resolution=\u00bb800&#8243; screen_mobile_spacer_size=\u00bb80&#8243; screen_tablet_spacer_size=\u00bb80&#8243;][\/vc_column][vc_column width=\u00bb1\/2&#8243; cus_bg_position=\u00bbleft bottom\u00bb cus_bg_repeat=\u00bbno-repeat\u00bb dfd_column_responsive_enable=\u00bbdfd-column-responsive-enable\u00bb col_shadow=\u00bbbox_shadow_enable:disable|shadow_horizontal:0|shadow_vertical:15|shadow_blur:50|shadow_spread:0|box_shadow_color:rgba(0%2C0%2C0%2C0.35)\u00bb col_shadow_hover=\u00bbbox_shadow_enable:disable|shadow_horizontal:0|shadow_vertical:15|shadow_blur:50|shadow_spread:0|box_shadow_color:rgba(0%2C0%2C0%2C0.35)\u00bb el_class=\u00bbdfd_col-tablet-12&#8243; offset=\u00bbvc_col-lg-5 vc_col-md-5 vc_col-xs-12&#8243; responsive_styles=\u00bbpadding_left_tablet:0|padding_right_tablet:0|padding_right_mobile:20&#8243; css=\u00bb.vc_custom_1571328326159{margin-left: 5% !important;}\u00bb][dfd_spacer screen_wide_spacer_size=\u00bb100&#8243; screen_normal_resolution=\u00bb1280&#8243; screen_tablet_resolution=\u00bb1024&#8243; screen_mobile_resolution=\u00bb800&#8243; screen_mobile_spacer_size=\u00bb80&#8243; screen_tablet_spacer_size=\u00bb80&#8243;][dfd_heading subtitle=\u00bb\u00bb module_animation=\u00bbtransition.slideRightBigIn\u00bb enable_delimiter=\u00bb\u00bb undefined=\u00bb\u00bb title_font_options=\u00bbtag:h2|line_height:46&#8243; subtitle_font_options=\u00bbtag:div\u00bb title_responsive=\u00bbfont_size_tablet:32|line_height_tablet:50|font_size_mobile:28|line_height_mobile:44&#8243;]<span style=\"color: #004713;\">Nuestras <\/span><span style=\"color: #cfa96c;\"><em class=\"dfd-textmodule-featured-decoration\">Instalaciones<\/em><\/span>[\/dfd_heading][dfd_spacer screen_wide_spacer_size=\u00bb30&#8243; screen_normal_resolution=\u00bb1280&#8243; screen_tablet_resolution=\u00bb1024&#8243; screen_mobile_resolution=\u00bb800&#8243;][vc_column_text item_animation=\u00bbtransition.slideRightBigIn\u00bb]<\/p>\n<p style=\"text-align: justify;\">Gourmet Food Service se dedica a la preparaci\u00f3n de comidas elaboradas para servicio de catering, cumpliendo con los objetivos de seguridad alimentaria con una amplia variedad de men\u00fas elaborada por nuestro departamento de nutrici\u00f3n bajo los est\u00e1ndares de la norma ISO 22000:2005.<\/p>\n<p style=\"text-align: left;\">Desde nuestra cocina central en Quito atendemos a 7000 comensales en 44 comedores.<\/p>\n<p>[\/vc_column_text][dfd_spacer screen_wide_spacer_size=\u00bb30&#8243; screen_normal_resolution=\u00bb1280&#8243; screen_tablet_resolution=\u00bb1024&#8243; screen_mobile_resolution=\u00bb800&#8243;][\/vc_column][\/vc_row][vc_row anchor=\u00bbcondiciones\u00bb][vc_column][dfd_spacer screen_wide_spacer_size=\u00bb100&#8243; screen_normal_resolution=\u00bb1280&#8243; screen_tablet_resolution=\u00bb1024&#8243; screen_mobile_resolution=\u00bb800&#8243;][dfd_heading subtitle=\u00bb\u00bb module_animation=\u00bbtransition.slideRightBigIn\u00bb enable_delimiter=\u00bb\u00bb undefined=\u00bb\u00bb title_font_options=\u00bbtag:h2|line_height:46&#8243; subtitle_font_options=\u00bbtag:div\u00bb title_responsive=\u00bbfont_size_tablet:32|line_height_tablet:50|font_size_mobile:28|line_height_mobile:44&#8243;]<span style=\"color: #004713;\">Condiciones<\/span>[\/dfd_heading][dfd_spacer screen_wide_spacer_size=\u00bb15&#8243; screen_normal_resolution=\u00bb1280&#8243; screen_tablet_resolution=\u00bb1024&#8243; screen_mobile_resolution=\u00bb800&#8243;][vc_row_inner dfd_row_responsive_enable=\u00bbdfd-row-responsive-enable\u00bb responsive_styles=\u00bbpadding_left_mobile:15|padding_right_mobile:15&#8243;][vc_column_inner width=\u00bb1\/2&#8243;][dfd_icon_list list_fields=\u00bb%5B%7B%22icon_type%22%3A%22selector%22%2C%22select_icon%22%3A%22dfd_icons%22%2C%22ic_dfd_icons%22%3A%22dfd-socicon-thumbs-up-hand-symbol%22%2C%22text_content%22%3A%22Asesor%C3%ADa%20y%20campa%C3%B1as%20de%20nutrici%C3%B3n.%22%7D%2C%7B%22icon_type%22%3A%22selector%22%2C%22select_icon%22%3A%22dfd_icons%22%2C%22ic_dfd_icons%22%3A%22dfd-socicon-thumbs-up-hand-symbol%22%2C%22text_content%22%3A%22Reposici%C3%B3n%20de%20menaje%20de%20comedor%3A%20vajilla%2C%20cubiertos%20y%20vasos%2C%20seg%C3%BAn%20se%20defina%20con%20el%20cliente.%22%7D%2C%7B%22icon_type%22%3A%22selector%22%2C%22select_icon%22%3A%22dfd_icons%22%2C%22ic_dfd_icons%22%3A%22dfd-socicon-thumbs-up-hand-symbol%22%2C%22text_content%22%3A%22Estamos%20en%20capacidad%20de%20colocar%20todos%20los%20equipos%20de%20cocina%20y%20comedor%2C%20para%20lo%20cual%20definir%C3%ADamos%20un%20tiempo%20de%20servicio%20a%20nivel%20contractual.%20%5Cn%22%7D%2C%7B%22icon_type%22%3A%22selector%22%2C%22select_icon%22%3A%22dfd_icons%22%2C%22ic_dfd_icons%22%3A%22dfd-socicon-thumbs-up-hand-symbol%22%2C%22text_content%22%3A%22Reuniones%20peri%C3%B3dicas%20para%20la%20administraci%C3%B3n%20de%20buz%C3%B3n%20de%20sugerencias%20con%20el%20%C3%A1rea%20a%20cargo.%22%7D%2C%7B%22icon_type%22%3A%22selector%22%2C%22select_icon%22%3A%22dfd_icons%22%2C%22ic_dfd_icons%22%3A%22dfd-socicon-thumbs-up-hand-symbol%22%2C%22text_content%22%3A%22Brindamos%20servicios%20de%20alimentaci%C3%B3n%20complementarios%20para%20sus%20capacitaciones%20o%20eventos%20especiales%2C%20con%20una%20variedad%20de%20bocaditos%2C%20almuerzos%2C%20refrigerios%20%20%20y%20otros%20de%20acuerdo%20a%20su%20necesidad%2C%20previa%20cotizaci%C3%B3n%20aprobada%22%7D%5D\u00bb main_style=\u00bbstyle-1&#8243; font_options=\u00bbtag:div|font_size:15&#8243; icon_size=\u00bb30&#8243; use_google_fonts=\u00bbyes\u00bb custom_fonts=\u00bbfont_family:Roboto%3A100%2C100italic%2C300%2C300italic%2Cregular%2Citalic%2C500%2C500italic%2C700%2C700italic%2C900%2C900italic|font_style:300%20light%20regular%3A300%3Anormal\u00bb][dfd_spacer screen_wide_spacer_size=\u00bb\u00bb screen_normal_resolution=\u00bb1023&#8243; screen_tablet_resolution=\u00bb900&#8243; screen_mobile_resolution=\u00bb800&#8243; screen_tablet_spacer_size=\u00bb620&#8243; screen_mobile_spacer_size=\u00bb0&#8243; screen_normal_spacer_size=\u00bb700&#8243;][\/vc_column_inner][vc_column_inner width=\u00bb1\/2&#8243;][dfd_icon_list list_fields=\u00bb%5B%7B%22icon_type%22%3A%22selector%22%2C%22select_icon%22%3A%22dfd_icons%22%2C%22ic_dfd_icons%22%3A%22dfd-socicon-thumbs-up-hand-symbol%22%2C%22text_content%22%3A%22Encuestas%20de%20satisfacci%C3%B3n%3A%20Se%20realizar%C3%A1n%20trimestralmente%5Cn%22%7D%2C%7B%22icon_type%22%3A%22selector%22%2C%22select_icon%22%3A%22dfd_icons%22%2C%22ic_dfd_icons%22%3A%22dfd-socicon-thumbs-up-hand-symbol%22%2C%22text_content%22%3A%22Mantenimiento%20preventivo%20y%20correctivo%20de%20los%20muebles%20y%20equipos%20en%20su%20comedor.%22%7D%2C%7B%22icon_type%22%3A%22selector%22%2C%22select_icon%22%3A%22dfd_icons%22%2C%22ic_dfd_icons%22%3A%22dfd-socicon-thumbs-up-hand-symbol%22%2C%22text_content%22%3A%22Fumigaci%C3%B3n%20trimestral%20de%20las%20instalaciones%20del%20comedor%20a%20definir.%22%7D%2C%7B%22icon_type%22%3A%22selector%22%2C%22select_icon%22%3A%22dfd_icons%22%2C%22ic_dfd_icons%22%3A%22dfd-socicon-thumbs-up-hand-symbol%22%2C%22text_content%22%3A%22Asesor%C3%ADa%20t%C3%A9cnica%20gratuita%20para%20remodelaci%C3%B3n%20del%20comedor%20en%20caso%20que%20se%20requiera.%20%22%7D%2C%7B%22icon_type%22%3A%22selector%22%2C%22select_icon%22%3A%22dfd_icons%22%2C%22ic_dfd_icons%22%3A%22dfd-socicon-thumbs-up-hand-symbol%22%2C%22text_content%22%3A%22Men%C3%BAs%20tem%C3%A1ticos%20o%20festivales%3A%20Una%20vez%20al%20mes%20entregaremos%20a%20sus%20colaboradores%20men%C3%BAs%20especiales%20o%20en%20d%C3%ADas%20festivo%20como%20Semana%20Santa%2C%20Difuntos%2C%20fiestas%20de%20Quito%2C%20d%C3%ADa%20de%20la%20Madre%2C%20d%C3%ADa%20del%20Padre%2C%20Navidad%2C%20Fin%20de%20A%C3%B1o.%22%7D%5D\u00bb main_style=\u00bbstyle-1&#8243; font_options=\u00bbtag:div|font_size:15&#8243; icon_size=\u00bb30&#8243; use_google_fonts=\u00bbyes\u00bb custom_fonts=\u00bbfont_family:Roboto%3A100%2C100italic%2C300%2C300italic%2Cregular%2Citalic%2C500%2C500italic%2C700%2C700italic%2C900%2C900italic|font_style:300%20light%20regular%3A300%3Anormal\u00bb][dfd_spacer screen_wide_spacer_size=\u00bb\u00bb screen_normal_resolution=\u00bb1023&#8243; screen_tablet_resolution=\u00bb900&#8243; screen_mobile_resolution=\u00bb800&#8243; screen_tablet_spacer_size=\u00bb620&#8243; screen_mobile_spacer_size=\u00bb0&#8243; screen_normal_spacer_size=\u00bb700&#8243;][\/vc_column_inner][\/vc_row_inner][\/vc_column][\/vc_row][vc_row css=\u00bb.vc_custom_1571329127263{margin-right: 6% !important;margin-left: 6% !important;padding-right: 5% !important;padding-left: 5% !important;}\u00bb][vc_column css=\u00bb.vc_custom_1570037281315{margin-right: 5% !important;}\u00bb col_shadow=\u00bbbox_shadow_enable:disable|shadow_horizontal:0|shadow_vertical:15|shadow_blur:50|shadow_spread:0|box_shadow_color:rgba(0%2C0%2C0%2C0.35)\u00bb col_shadow_hover=\u00bbbox_shadow_enable:disable|shadow_horizontal:0|shadow_vertical:15|shadow_blur:50|shadow_spread:0|box_shadow_color:rgba(0%2C0%2C0%2C0.35)\u00bb][dfd_spacer screen_wide_spacer_size=\u00bb100&#8243; screen_normal_resolution=\u00bb1024&#8243; screen_tablet_resolution=\u00bb800&#8243; screen_mobile_resolution=\u00bb480&#8243;][dfd_videoplayer video_link=\u00bbhttps:\/\/www.youtube.com\/watch?v=fWhKHHAD27k\u00bb main_style=\u00bbstyle-1&#8243;][dfd_spacer screen_wide_spacer_size=\u00bb100&#8243; screen_normal_resolution=\u00bb1024&#8243; screen_tablet_resolution=\u00bb800&#8243; screen_mobile_resolution=\u00bb480&#8243;][\/vc_column][\/vc_row]<\/p>\n","protected":false},"excerpt":{"rendered":"<p>[vc_row dfd_row_config=\u00bbfull_width_content\u00bb][vc_column][\/vc_column][\/vc_row][vc_row anchor=\u00bbnuestras\u00bb dfd_bg_style=\u00bbimage\u00bb dfd_bg_image_repeat=\u00bbno-repeat\u00bb dfd_bg_image_size=\u00bbinitial\u00bb dfd_bg_image_position=\u00bb26% 0%\u00bb dfd_bg_image_new_responsive=\u00bb347&#8243; dfd_bg_resolution=\u00bb1023&#8243; dfd_bg_image_position_mobile=\u00bb50% 100%\u00bb dfd_bg_image_size_mobile=\u00bbcontain\u00bb dfd_row_responsive_enable=\u00bbdfd-row-responsive-enable\u00bb responsive_styles=\u00bbpadding_left_tablet:20|padding_right_tablet:20|padding_left_mobile:20|padding_right_mobile:20&#8243;][vc_column width=\u00bb1\/2&#8243; cus_bg_position=\u00bbcenter center\u00bb col_shadow=\u00bbbox_shadow_enable:disable|shadow_horizontal:0|shadow_vertical:15|shadow_blur:50|shadow_spread:0|box_shadow_color:rgba(0%2C0%2C0%2C0.35)\u00bb col_shadow_hover=\u00bbbox_shadow_enable:disable|shadow_horizontal:0|shadow_vertical:15|shadow_blur:50|shadow_spread:0|box_shadow_color:rgba(0%2C0%2C0%2C0.35)\u00bb][dfd_spacer screen_wide_spacer_size=\u00bb30&#8243; screen_normal_resolution=\u00bb1280&#8243; screen_tablet_resolution=\u00bb1024&#8243; screen_mobile_resolution=\u00bb800&#8243;][dfd_spacer screen_wide_spacer_size=\u00bb100&#8243; screen_normal_resolution=\u00bb1280&#8243; screen_tablet_resolution=\u00bb1024&#8243; screen_mobile_resolution=\u00bb800&#8243; screen_mobile_spacer_size=\u00bb80&#8243; screen_tablet_spacer_size=\u00bb80&#8243;][dfd_portfolio_presentation_module<\/p>\n","protected":false},"author":1,"featured_media":0,"parent":0,"menu_order":0,"comment_status":"closed","ping_status":"closed","template":"tmp-page.php","meta":{"footnotes":""},"class_list":["post-11335","page","type-page","status-publish","hentry"],"_links":{"self":[{"href":"https:\/\/gourmetfoodservice.com\/gfs\/wp-json\/wp\/v2\/pages\/11335","targetHints":{"allow":["GET"]}}],"collection":[{"href":"https:\/\/gourmetfoodservice.com\/gfs\/wp-json\/wp\/v2\/pages"}],"about":[{"href":"https:\/\/gourmetfoodservice.com\/gfs\/wp-json\/wp\/v2\/types\/page"}],"author":[{"embeddable":true,"href":"https:\/\/gourmetfoodservice.com\/gfs\/wp-json\/wp\/v2\/users\/1"}],"replies":[{"embeddable":true,"href":"https:\/\/gourmetfoodservice.com\/gfs\/wp-json\/wp\/v2\/comments?post=11335"}],"version-history":[{"count":46,"href":"https:\/\/gourmetfoodservice.com\/gfs\/wp-json\/wp\/v2\/pages\/11335\/revisions"}],"predecessor-version":[{"id":11838,"href":"https:\/\/gourmetfoodservice.com\/gfs\/wp-json\/wp\/v2\/pages\/11335\/revisions\/11838"}],"wp:attachment":[{"href":"https:\/\/gourmetfoodservice.com\/gfs\/wp-json\/wp\/v2\/media?parent=11335"}],"curies":[{"name":"wp","href":"https:\/\/api.w.org\/{rel}","templated":true}]}}