{"id":11325,"date":"2019-09-16T03:34:57","date_gmt":"2019-09-16T03:34:57","guid":{"rendered":"http:\/\/gourmetfoodservice.com\/gfs\/?page_id=11325"},"modified":"2019-11-06T17:34:25","modified_gmt":"2019-11-06T17:34:25","slug":"servicios","status":"publish","type":"page","link":"https:\/\/gourmetfoodservice.com\/gfs\/servicios\/","title":{"rendered":"Servicios"},"content":{"rendered":"<p>[vc_row dfd_row_config=\u00bbfull_width_content\u00bb][vc_column][\/vc_column][\/vc_row][vc_row anchor=\u00bbmodalidad\u00bb bg_check=\u00bbrow-background-dark\u00bb dfd_bg_style=\u00bbimage\u00bb dfd_bg_image_new=\u00bb11715&#8243; dfd_bg_image_repeat=\u00bbno-repeat\u00bb dfd_image_bg_color=\u00bb#ffffff\u00bb dfd_bg_image_position=\u00bbcenter\u00bb dfd_bg_image_new_responsive=\u00bb11715&#8243; dfd_bg_image_position_mobile=\u00bbtop\u00bb dfd_bg_image_size_mobile=\u00bbcontain\u00bb dfd_row_responsive_enable=\u00bbdfd-row-responsive-enable\u00bb responsive_styles=\u00bbpadding_left_desktop:10|padding_right_desktop:10|padding_left_tablet:10|padding_right_tablet:10|padding_left_mobile:20|padding_right_mobile:20&#8243;][vc_column column_bg_check=\u00bbcolumn-background-dark\u00bb col_shadow=\u00bbbox_shadow_enable:disable|shadow_horizontal:0|shadow_vertical:15|shadow_blur:50|shadow_spread:0|box_shadow_color:rgba(0%2C0%2C0%2C0.35)\u00bb col_shadow_hover=\u00bbbox_shadow_enable:disable|shadow_horizontal:0|shadow_vertical:15|shadow_blur:50|shadow_spread:0|box_shadow_color:rgba(0%2C0%2C0%2C0.35)\u00bb][dfd_spacer screen_wide_spacer_size=\u00bb130&#8243; screen_normal_resolution=\u00bb1280&#8243; screen_tablet_resolution=\u00bb1025&#8243; screen_mobile_resolution=\u00bb800&#8243; screen_tablet_spacer_size=\u00bb100&#8243; screen_mobile_spacer_size=\u00bb80&#8243;][dfd_heading subtitle=\u00bb\u00bb module_animation=\u00bbtransition.expandIn\u00bb enable_delimiter=\u00bb\u00bb undefined=\u00bb\u00bb title_font_options=\u00bbtag:h2&#8243; subtitle_font_options=\u00bbtag:div\u00bb title_responsive=\u00bbfont_size_tablet:32|line_height_tablet:50|font_size_mobile:28|line_height_mobile:44&#8243;]<span style=\"color: #004713;\">Modalidad de<\/span> <span style=\"color: #cfa96c;\">Servicios<\/span>[\/dfd_heading][dfd_spacer screen_wide_spacer_size=\u00bb60&#8243; screen_normal_resolution=\u00bb1280&#8243; screen_tablet_resolution=\u00bb1024&#8243; screen_mobile_resolution=\u00bb800&#8243;][vc_row_inner][vc_column_inner width=\u00bb1\/2&#8243; col_inner_shadow=\u00bbbox_shadow_enable:disable|shadow_horizontal:0|shadow_vertical:15|shadow_blur:50|shadow_spread:0|box_shadow_color:rgba(0%2C0%2C0%2C0.35)\u00bb col_inner_shadow_hover=\u00bbbox_shadow_enable:disable|shadow_horizontal:0|shadow_vertical:15|shadow_blur:50|shadow_spread:0|box_shadow_color:rgba(0%2C0%2C0%2C0.35)\u00bb][dfd_single_image enable_retina=\u00bb\u00bb hover_style=\u00bbdfd-image-shadow\u00bb module_animation=\u00bbtransition.slideLeftBigIn\u00bb image=\u00bb11742&#8243;][dfd_spacer screen_wide_spacer_size=\u00bb40&#8243; screen_normal_resolution=\u00bb1280&#8243; screen_tablet_resolution=\u00bb1024&#8243; screen_mobile_resolution=\u00bb800&#8243; screen_mobile_spacer_size=\u00bb30&#8243;][dfd_heading subtitle=\u00bb\u00bb module_animation=\u00bbtransition.slideRightBigIn\u00bb enable_delimiter=\u00bb\u00bb undefined=\u00bb\u00bb title_font_options=\u00bbtag:h2|font_size:27|color:%23cfa96c\u00bb subtitle_font_options=\u00bbtag:div|color:rgba(255%2C255%2C255%2C0.7)|line_height:22&#8243; title_responsive=\u00bbfont_size_tablet:30|line_height_tablet:42|font_size_mobile:26|line_height_mobile:38&#8243;]Transportado[\/dfd_heading][dfd_spacer screen_wide_spacer_size=\u00bb5&#8243; screen_normal_resolution=\u00bb1280&#8243; screen_tablet_resolution=\u00bb1024&#8243; screen_mobile_resolution=\u00bb800&#8243;][vc_column_text item_animation=\u00bbtransition.slideRightBigIn\u00bb css=\u00bb.vc_custom_1569967206781{padding-right: 5% !important;padding-left: 5% !important;}\u00bb]<\/p>\n<p style=\"opacity: 0.7; line-height: 22px; text-align: justify;\"><span style=\"color: #333333;\">Los alimentos son preparados en nuestra planta central, con materia prima seleccionada y cuidando nuestros est\u00e1ndares de calidad para luego ser despachados hacia los diferentes puntos de servicio de nuestros clientes, envueltos en pl\u00e1stico grado alimenticio y en contenedores isot\u00e9rmicos que mantienen la temperatura. Una vez que llegan a las instalaciones del cliente son regenerados en las l\u00edneas de servicio para mantener la inocuidad.<\/span><\/p>\n<p>[\/vc_column_text][dfd_spacer screen_wide_spacer_size=\u00bb40&#8243; screen_normal_resolution=\u00bb1280&#8243; screen_tablet_resolution=\u00bb1024&#8243; screen_mobile_resolution=\u00bb800&#8243; screen_mobile_spacer_size=\u00bb30&#8243;][dfd_spacer screen_wide_spacer_size=\u00bb\u00bb screen_normal_resolution=\u00bb1280&#8243; screen_tablet_resolution=\u00bb1024&#8243; screen_mobile_resolution=\u00bb800&#8243; screen_mobile_spacer_size=\u00bb80&#8243;][\/vc_column_inner][vc_column_inner width=\u00bb1\/2&#8243; col_inner_shadow=\u00bbbox_shadow_enable:disable|shadow_horizontal:0|shadow_vertical:15|shadow_blur:50|shadow_spread:0|box_shadow_color:rgba(0%2C0%2C0%2C0.35)\u00bb col_inner_shadow_hover=\u00bbbox_shadow_enable:disable|shadow_horizontal:0|shadow_vertical:15|shadow_blur:50|shadow_spread:0|box_shadow_color:rgba(0%2C0%2C0%2C0.35)\u00bb][dfd_single_image enable_retina=\u00bb\u00bb hover_style=\u00bbdfd-image-shadow\u00bb module_animation=\u00bbtransition.slideRightBigIn\u00bb image=\u00bb11741&#8243;][dfd_spacer screen_wide_spacer_size=\u00bb40&#8243; screen_normal_resolution=\u00bb1280&#8243; screen_tablet_resolution=\u00bb1024&#8243; screen_mobile_resolution=\u00bb800&#8243; screen_mobile_spacer_size=\u00bb30&#8243;][dfd_heading subtitle=\u00bb\u00bb module_animation=\u00bbtransition.fadeIn\u00bb enable_delimiter=\u00bb\u00bb undefined=\u00bb\u00bb title_font_options=\u00bbtag:h2|font_size:27|color:%23cfa96c\u00bb subtitle_font_options=\u00bbtag:div|color:rgba(255%2C255%2C255%2C0.7)|line_height:22&#8243; title_responsive=\u00bbfont_size_tablet:30|line_height_tablet:42|font_size_mobile:26|line_height_mobile:38&#8243;]Cocina en Sitio[\/dfd_heading][dfd_spacer screen_wide_spacer_size=\u00bb5&#8243; screen_normal_resolution=\u00bb1280&#8243; screen_tablet_resolution=\u00bb1024&#8243; screen_mobile_resolution=\u00bb800&#8243;][vc_column_text item_animation=\u00bbtransition.fadeIn\u00bb css=\u00bb.vc_custom_1569967264095{padding-right: 5% !important;padding-left: 5% !important;}\u00bb]<\/p>\n<p style=\"opacity: 0.7; line-height: 22px; text-align: justify;\"><span style=\"color: #333333;\">Los alimentos son procesados y preparados en las instalaciones y cocinas de nuestros clients. La materia prima seleccionada es enviada seg\u00fan los men\u00fas y requerimientos. Adem\u00e1s, se mantiene concordancia y se replican todos los procesos que se realizan en planta central en cuanto a calidad e inocuidad de los productos.<\/span><\/p>\n<p>[\/vc_column_text][dfd_spacer screen_wide_spacer_size=\u00bb40&#8243; screen_normal_resolution=\u00bb1280&#8243; screen_tablet_resolution=\u00bb1024&#8243; screen_mobile_resolution=\u00bb800&#8243; screen_mobile_spacer_size=\u00bb30&#8243;][dfd_spacer screen_wide_spacer_size=\u00bb\u00bb screen_normal_resolution=\u00bb1280&#8243; screen_tablet_resolution=\u00bb1024&#8243; screen_mobile_resolution=\u00bb800&#8243; screen_mobile_spacer_size=\u00bb80&#8243;][\/vc_column_inner][\/vc_row_inner][dfd_spacer screen_wide_spacer_size=\u00bb150&#8243; screen_normal_resolution=\u00bb1280&#8243; screen_tablet_resolution=\u00bb1025&#8243; screen_mobile_resolution=\u00bb800&#8243; screen_tablet_spacer_size=\u00bb110&#8243; screen_mobile_spacer_size=\u00bb90&#8243;][\/vc_column][\/vc_row][vc_row anchor=\u00bbnutricion\u00bb bg_check=\u00bbrow-background-dark\u00bb dfd_bg_style=\u00bbimage\u00bb dfd_parallax_style=\u00bbdfd_vertical_parallax\u00bb dfd_bg_image_new=\u00bb11675&#8243; dfd_bg_image_repeat=\u00bbno-repeat\u00bb dfd_bg_image_size=\u00bbinitial\u00bb dfd_image_bg_color=\u00bb#f6f6f6&#8243; dfd_bg_image_new_responsive=\u00bb11675&#8243; dfd_bg_image_size_mobile=\u00bbcover\u00bb dfd_row_responsive_enable=\u00bbdfd-row-responsive-enable\u00bb responsive_styles=\u00bbpadding_left_desktop:10|padding_right_desktop:10|padding_left_tablet:20|padding_right_tablet:20|padding_left_mobile:20|padding_right_mobile:20&#8243;][vc_column cus_bg_repeat=\u00bbno-repeat\u00bb mobile_column_bg_size=\u00bbinitial\u00bb dfd_column_responsive_enable=\u00bbdfd-column-responsive-enable\u00bb col_shadow=\u00bbbox_shadow_enable:disable|shadow_horizontal:0|shadow_vertical:15|shadow_blur:50|shadow_spread:0|box_shadow_color:rgba(0%2C0%2C0%2C0.35)\u00bb col_shadow_hover=\u00bbbox_shadow_enable:disable|shadow_horizontal:0|shadow_vertical:15|shadow_blur:50|shadow_spread:0|box_shadow_color:rgba(0%2C0%2C0%2C0.35)\u00bb responsive_styles=\u00bbpadding_left_tablet:0|padding_right_tablet:0&#8243;][dfd_spacer screen_wide_spacer_size=\u00bb100&#8243; screen_normal_resolution=\u00bb1280&#8243; screen_tablet_resolution=\u00bb1025&#8243; screen_mobile_resolution=\u00bb800&#8243; screen_mobile_spacer_size=\u00bb80&#8243; screen_tablet_spacer_size=\u00bb90&#8243;][dfd_heading subtitle=\u00bb\u00bb module_animation=\u00bbtransition.expandIn\u00bb enable_delimiter=\u00bb\u00bb undefined=\u00bb\u00bb title_font_options=\u00bbtag:h2|font_size:37|line_height:44&#8243; subtitle_font_options=\u00bbtag:div\u00bb title_responsive=\u00bbfont_size_tablet:32|line_height_tablet:40|font_size_mobile:28|line_height_mobile:36&#8243;]<span style=\"color: #cfa96c;\"><em class=\"dfd-textmodule-featured-decoration\">Nutrici\u00f3n<\/em><\/span>[\/dfd_heading][dfd_spacer screen_wide_spacer_size=\u00bb90&#8243; screen_normal_resolution=\u00bb1280&#8243; screen_tablet_resolution=\u00bb1025&#8243; screen_mobile_resolution=\u00bb800&#8243; screen_mobile_spacer_size=\u00bb40&#8243; screen_tablet_spacer_size=\u00bb40&#8243;][vc_row_inner][vc_column_inner width=\u00bb1\/2&#8243; css=\u00bb.vc_custom_1568819127199{padding-right: 5% !important;padding-left: 5% !important;}\u00bb col_inner_shadow=\u00bbbox_shadow_enable:disable|shadow_horizontal:0|shadow_vertical:15|shadow_blur:50|shadow_spread:0|box_shadow_color:rgba(0%2C0%2C0%2C0.35)\u00bb col_inner_shadow_hover=\u00bbbox_shadow_enable:disable|shadow_horizontal:0|shadow_vertical:15|shadow_blur:50|shadow_spread:0|box_shadow_color:rgba(0%2C0%2C0%2C0.35)\u00bb][dfd_heading subtitle=\u00bb\u00bb module_animation=\u00bbtransition.slideRightBigIn\u00bb enable_delimiter=\u00bb\u00bb undefined=\u00bb\u00bb title_font_options=\u00bbtag:h2|font_size:22|line_height:36&#8243; subtitle_font_options=\u00bbtag:div\u00bb]Calidad, Salud &amp; Sabor[\/dfd_heading][vc_column_text item_animation=\u00bbtransition.slideRightBigIn\u00bb css=\u00bb.vc_custom_1568842726088{margin-left: 1px !important;}\u00bb]<\/p>\n<p style=\"opacity: 0.8; text-align: justify;\">El departamento de nutrici\u00f3n junto con producci\u00f3n trabajan de la mano para entregar a nuestros clientes platos preparados con los m\u00e1s altos est\u00e1ndares de calidad, salud y sabor, orientando a\u00a0 nuestros clientes sobre la pr\u00e1ctica de h\u00e1bitos saludables, mejorando de esta manera el desarrollo en el ambiente laboral y familiar.<\/p>\n<p>[\/vc_column_text][dfd_spacer screen_wide_spacer_size=\u00bb35&#8243; screen_normal_resolution=\u00bb1280&#8243; screen_tablet_resolution=\u00bb1024&#8243; screen_mobile_resolution=\u00bb800&#8243;][dfd_heading subtitle=\u00bb\u00bb module_animation=\u00bbtransition.slideRightBigIn\u00bb enable_delimiter=\u00bb\u00bb undefined=\u00bb\u00bb title_font_options=\u00bbtag:h2|font_size:22|line_height:36&#8243; subtitle_font_options=\u00bbtag:div\u00bb]Planificaci\u00f3n de Men\u00fas[\/dfd_heading][vc_column_text item_animation=\u00bbtransition.slideRightBigIn\u00bb css=\u00bb.vc_custom_1568842764733{margin-left: 1px !important;}\u00bb]<\/p>\n<p style=\"opacity: 0.8; text-align: justify;\">Dentro del departamento de Nutrici\u00f3n se realizan varios procesos como: definici\u00f3n y planificaci\u00f3n de men\u00fas basados en un requerimiento diario de 2000 calor\u00edas a trav\u00e9s de un an\u00e1lisis,\u00a0 para la conversi\u00f3n de energ\u00eda alimentaria, pruebas sensoriales del producto terminado, charlas, campa\u00f1as nutricionales y revisiones peri\u00f3dicas de los men\u00fas que se ofertan a los distintos clientes.<\/p>\n<p>[\/vc_column_text][dfd_spacer screen_wide_spacer_size=\u00bb30&#8243; screen_normal_resolution=\u00bb1280&#8243; screen_tablet_resolution=\u00bb1024&#8243; screen_mobile_resolution=\u00bb800&#8243; screen_tablet_spacer_size=\u00bb25&#8243; screen_mobile_spacer_size=\u00bb25&#8243;][dfd_spacer screen_wide_spacer_size=\u00bb\u00bb screen_normal_resolution=\u00bb1280&#8243; screen_tablet_resolution=\u00bb1024&#8243; screen_mobile_resolution=\u00bb800&#8243; screen_tablet_spacer_size=\u00bb90&#8243; screen_mobile_spacer_size=\u00bb90&#8243;][\/vc_column_inner][vc_column_inner width=\u00bb1\/2&#8243;][dfd_single_image image_size=\u00bbcustom\u00bb image_width=\u00bb400&#8243; image_height=\u00bb500&#8243; module_animation=\u00bbtransition.expandIn\u00bb image=\u00bb11094&#8243;][\/vc_column_inner][\/vc_row_inner][dfd_spacer screen_wide_spacer_size=\u00bb130&#8243; screen_normal_resolution=\u00bb1280&#8243; screen_tablet_resolution=\u00bb1025&#8243; screen_mobile_resolution=\u00bb800&#8243; screen_mobile_spacer_size=\u00bb90&#8243; screen_tablet_spacer_size=\u00bb100&#8243;][\/vc_column][\/vc_row]<\/p>\n","protected":false},"excerpt":{"rendered":"<p>[vc_row dfd_row_config=\u00bbfull_width_content\u00bb][vc_column][\/vc_column][\/vc_row][vc_row anchor=\u00bbmodalidad\u00bb bg_check=\u00bbrow-background-dark\u00bb dfd_bg_style=\u00bbimage\u00bb dfd_bg_image_new=\u00bb11715&#8243; dfd_bg_image_repeat=\u00bbno-repeat\u00bb dfd_image_bg_color=\u00bb#ffffff\u00bb dfd_bg_image_position=\u00bbcenter\u00bb dfd_bg_image_new_responsive=\u00bb11715&#8243; dfd_bg_image_position_mobile=\u00bbtop\u00bb dfd_bg_image_size_mobile=\u00bbcontain\u00bb dfd_row_responsive_enable=\u00bbdfd-row-responsive-enable\u00bb responsive_styles=\u00bbpadding_left_desktop:10|padding_right_desktop:10|padding_left_tablet:10|padding_right_tablet:10|padding_left_mobile:20|padding_right_mobile:20&#8243;][vc_column column_bg_check=\u00bbcolumn-background-dark\u00bb col_shadow=\u00bbbox_shadow_enable:disable|shadow_horizontal:0|shadow_vertical:15|shadow_blur:50|shadow_spread:0|box_shadow_color:rgba(0%2C0%2C0%2C0.35)\u00bb col_shadow_hover=\u00bbbox_shadow_enable:disable|shadow_horizontal:0|shadow_vertical:15|shadow_blur:50|shadow_spread:0|box_shadow_color:rgba(0%2C0%2C0%2C0.35)\u00bb][dfd_spacer screen_wide_spacer_size=\u00bb130&#8243; screen_normal_resolution=\u00bb1280&#8243; screen_tablet_resolution=\u00bb1025&#8243; screen_mobile_resolution=\u00bb800&#8243; screen_tablet_spacer_size=\u00bb100&#8243; screen_mobile_spacer_size=\u00bb80&#8243;][dfd_heading subtitle=\u00bb\u00bb module_animation=\u00bbtransition.expandIn\u00bb enable_delimiter=\u00bb\u00bb undefined=\u00bb\u00bb title_font_options=\u00bbtag:h2&#8243; subtitle_font_options=\u00bbtag:div\u00bb title_responsive=\u00bbfont_size_tablet:32|line_height_tablet:50|font_size_mobile:28|line_height_mobile:44&#8243;]Modalidad<\/p>\n","protected":false},"author":1,"featured_media":0,"parent":0,"menu_order":0,"comment_status":"closed","ping_status":"closed","template":"tmp-page.php","meta":{"footnotes":""},"class_list":["post-11325","page","type-page","status-publish","hentry"],"_links":{"self":[{"href":"https:\/\/gourmetfoodservice.com\/gfs\/wp-json\/wp\/v2\/pages\/11325","targetHints":{"allow":["GET"]}}],"collection":[{"href":"https:\/\/gourmetfoodservice.com\/gfs\/wp-json\/wp\/v2\/pages"}],"about":[{"href":"https:\/\/gourmetfoodservice.com\/gfs\/wp-json\/wp\/v2\/types\/page"}],"author":[{"embeddable":true,"href":"https:\/\/gourmetfoodservice.com\/gfs\/wp-json\/wp\/v2\/users\/1"}],"replies":[{"embeddable":true,"href":"https:\/\/gourmetfoodservice.com\/gfs\/wp-json\/wp\/v2\/comments?post=11325"}],"version-history":[{"count":33,"href":"https:\/\/gourmetfoodservice.com\/gfs\/wp-json\/wp\/v2\/pages\/11325\/revisions"}],"predecessor-version":[{"id":11856,"href":"https:\/\/gourmetfoodservice.com\/gfs\/wp-json\/wp\/v2\/pages\/11325\/revisions\/11856"}],"wp:attachment":[{"href":"https:\/\/gourmetfoodservice.com\/gfs\/wp-json\/wp\/v2\/media?parent=11325"}],"curies":[{"name":"wp","href":"https:\/\/api.w.org\/{rel}","templated":true}]}}